{"id":244826,"date":"2024-12-02T09:43:48","date_gmt":"2024-12-02T14:43:48","guid":{"rendered":"https:\/\/horizontnl.emplois-au-canada.ca\/accueil\/"},"modified":"2025-02-09T17:18:29","modified_gmt":"2025-02-09T22:18:29","slug":"accueil","status":"publish","type":"page","link":"https:\/\/horizontnl.emplois-au-canada.ca\/fr\/","title":{"rendered":"Accueil"},"content":{"rendered":"<p>[et_pb_section fb_built=&#8221;1&#8243; custom_padding_last_edited=&#8221;on|phone&#8221; _builder_version=&#8221;4.27.4&#8243; _module_preset=&#8221;default&#8221; background_color=&#8221;RGBA(255,255,255,0)&#8221; background_image=&#8221;https:\/\/horizontnl.emplois-au-canada.ca\/wp-content\/uploads\/2025\/01\/cvbuilder-03.jpg&#8221; parallax=&#8221;on&#8221; width=&#8221;100%&#8221; custom_padding=&#8221;300px||300px||false|false&#8221; custom_padding_tablet=&#8221;200px||200px||false|false&#8221; custom_padding_phone=&#8221;100px||100px||false|false&#8221; global_colors_info=&#8221;{}&#8221;][et_pb_row use_custom_gutter=&#8221;on&#8221; gutter_width=&#8221;1&#8243; _builder_version=&#8221;4.27.4&#8243; _module_preset=&#8221;default&#8221; max_width=&#8221;1640px&#8221; custom_margin=&#8221;0px||0px||false|false&#8221; custom_padding=&#8221;0px||0px||false|false&#8221; border_style_all=&#8221;none&#8221; global_colors_info=&#8221;{}&#8221;][et_pb_column type=&#8221;4_4&#8243; _builder_version=&#8221;4.27.4&#8243; _module_preset=&#8221;default&#8221; global_colors_info=&#8221;{}&#8221;][et_pb_heading title=&#8221;Trouvez une nouvelle carri\u00e8re \u00e0 Terre-Neuve-et-Labrador&#8221; _builder_version=&#8221;4.27.4&#8243; _module_preset=&#8221;default&#8221; title_font=&#8221;Poppins|700|||||||&#8221; title_text_align=&#8221;center&#8221; title_text_color=&#8221;#1893B0&#8243; title_font_size=&#8221;75px&#8221; title_line_height=&#8221;1.4em&#8221; background_color=&#8221;RGBA(255,255,255,0)&#8221; custom_margin=&#8221;0px||0px||false|false&#8221; custom_padding=&#8221;|0%||0%|false|false&#8221; hover_enabled=&#8221;0&#8243; title_font_size_tablet=&#8221;75px&#8221; title_font_size_phone=&#8221;57px&#8221; title_font_size_last_edited=&#8221;on|phone&#8221; global_colors_info=&#8221;{}&#8221; sticky_enabled=&#8221;0&#8243;][\/et_pb_heading][et_pb_button button_url=&#8221;https:\/\/horizontnl.emplois-au-canada.ca\/fr\/cvbuilder2\/&#8221; button_text=&#8221;Cr\u00e9ez votre CV&#8221; button_alignment=&#8221;center&#8221; _builder_version=&#8221;4.27.4&#8243; _module_preset=&#8221;default&#8221; custom_button=&#8221;on&#8221; button_text_size=&#8221;16px&#8221; button_text_color=&#8221;#FFFFFF&#8221; button_bg_color=&#8221;#1893B0&#8243; button_border_width=&#8221;0px&#8221; button_border_radius=&#8221;40px&#8221; button_font=&#8221;Poppins|700|||||||&#8221; button_use_icon=&#8221;off&#8221; custom_padding=&#8221;10px|30px|10px|30px|false|false&#8221; global_colors_info=&#8221;{}&#8221;][\/et_pb_button][\/et_pb_column][\/et_pb_row][\/et_pb_section][et_pb_section fb_built=&#8221;1&#8243; _builder_version=&#8221;4.27.4&#8243; _module_preset=&#8221;default&#8221; background_color=&#8221;#00507F&#8221; custom_margin=&#8221;0px||||false|false&#8221; custom_padding=&#8221;120px||84px||false|false&#8221; global_colors_info=&#8221;{}&#8221;][et_pb_row _builder_version=&#8221;4.27.4&#8243; _module_preset=&#8221;default&#8221; max_width=&#8221;1640px&#8221; custom_margin=&#8221;0px||||false|false&#8221; custom_padding=&#8221;0px||25px||false|false&#8221; global_colors_info=&#8221;{}&#8221;][et_pb_column type=&#8221;4_4&#8243; _builder_version=&#8221;4.27.4&#8243; _module_preset=&#8221;default&#8221; global_colors_info=&#8221;{}&#8221;][et_pb_heading title=&#8221;4 raisons d&#039;utiliser notre cr\u00e9ateur de CV &#8221; _builder_version=&#8221;4.27.4&#8243; _module_preset=&#8221;default&#8221; title_font=&#8221;Poppins|700|||||||&#8221; title_text_color=&#8221;#FFFFFF&#8221; title_font_size=&#8221;35px&#8221; global_colors_info=&#8221;{}&#8221;][\/et_pb_heading][\/et_pb_column][\/et_pb_row][et_pb_row column_structure=&#8221;1_4,1_4,1_4,1_4&#8243; _builder_version=&#8221;4.27.4&#8243; _module_preset=&#8221;default&#8221; max_width=&#8221;1640px&#8221; custom_margin=&#8221;25px||25px||false|false&#8221; custom_padding=&#8221;||0px|||&#8221; global_colors_info=&#8221;{}&#8221;][et_pb_column type=&#8221;1_4&#8243; _builder_version=&#8221;4.27.4&#8243; _module_preset=&#8221;default&#8221; global_colors_info=&#8221;{}&#8221;][et_pb_text _builder_version=&#8221;4.27.4&#8243; _module_preset=&#8221;default&#8221; text_font=&#8221;Poppins||||||||&#8221; text_text_color=&#8221;#FFFFFF&#8221; header_2_font=&#8221;Poppins||||||||&#8221; header_2_text_color=&#8221;#FFFFFF&#8221; header_2_font_size=&#8221;35px&#8221; header_3_font=&#8221;Poppins||||||||&#8221; header_3_text_color=&#8221;#FFFFFF&#8221; global_colors_info=&#8221;{}&#8221;]<\/p>\n<h3><strong><b>CV canadien<\/b><\/strong><\/h3>\n<p><strong><b><span style=\"font-weight: 400;\">Optimis\u00e9 pour les attentes des recruteurs canadiens.<\/span><\/b><\/strong><\/p>\n<p>&nbsp;<\/p>\n<p>[\/et_pb_text][\/et_pb_column][et_pb_column type=&#8221;1_4&#8243; _builder_version=&#8221;4.27.4&#8243; _module_preset=&#8221;default&#8221; global_colors_info=&#8221;{}&#8221;][et_pb_text _builder_version=&#8221;4.27.4&#8243; _module_preset=&#8221;default&#8221; text_font=&#8221;Poppins||||||||&#8221; text_text_color=&#8221;#FFFFFF&#8221; header_2_font=&#8221;Poppins||||||||&#8221; header_2_text_color=&#8221;#FFFFFF&#8221; header_2_font_size=&#8221;35px&#8221; header_3_font=&#8221;Poppins|700|||||||&#8221; header_3_text_color=&#8221;#FFFFFF&#8221; global_colors_info=&#8221;{}&#8221;]<\/p>\n<h3><b>Gain de temps<\/b><\/h3>\n<p><b><span style=\"font-weight: 400;\">Un mod\u00e8le et des conseils \u00e0 chaque \u00e9tape.<\/span><\/b><\/p>\n<p>&nbsp;<\/p>\n<p>[\/et_pb_text][\/et_pb_column][et_pb_column type=&#8221;1_4&#8243; _builder_version=&#8221;4.27.4&#8243; _module_preset=&#8221;default&#8221; global_colors_info=&#8221;{}&#8221;][et_pb_text _builder_version=&#8221;4.27.4&#8243; _module_preset=&#8221;default&#8221; text_font=&#8221;Poppins||||||||&#8221; text_text_color=&#8221;#FFFFFF&#8221; header_2_font=&#8221;Poppins||||||||&#8221; header_2_text_color=&#8221;#FFFFFF&#8221; header_2_font_size=&#8221;35px&#8221; header_3_font=&#8221;Poppins|700|||||||&#8221; header_3_text_color=&#8221;#FFFFFF&#8221; global_colors_info=&#8221;{}&#8221;]<\/p>\n<h3><b>Comp\u00e9tences cl\u00e9s<\/b><\/h3>\n<p><b><span style=\"font-weight: 400;\">Pr\u00e9sentez vos exp\u00e9riences efficacement.<\/span><\/b><\/p>\n<p>&nbsp;<\/p>\n<p>[\/et_pb_text][\/et_pb_column][et_pb_column type=&#8221;1_4&#8243; _builder_version=&#8221;4.27.4&#8243; _module_preset=&#8221;default&#8221; global_colors_info=&#8221;{}&#8221;][et_pb_text _builder_version=&#8221;4.27.4&#8243; _module_preset=&#8221;default&#8221; text_font=&#8221;Poppins||||||||&#8221; text_text_color=&#8221;#FFFFFF&#8221; header_2_font=&#8221;Poppins||||||||&#8221; header_2_text_color=&#8221;#FFFFFF&#8221; header_2_font_size=&#8221;35px&#8221; header_3_font=&#8221;Poppins|700|||||||&#8221; header_3_text_color=&#8221;#FFFFFF&#8221; global_colors_info=&#8221;{}&#8221;]<\/p>\n<h3><b>Rapide et efficace<\/b><\/h3>\n<p><b><span style=\"font-weight: 400;\">Cr\u00e9ez un CV professionnel rapidement.<\/span><\/b><\/p>\n<p>&nbsp;<\/p>\n<p>[\/et_pb_text][\/et_pb_column][\/et_pb_row][et_pb_row _builder_version=&#8221;4.27.4&#8243; _module_preset=&#8221;default&#8221; max_width=&#8221;1640px&#8221; custom_margin=&#8221;25px||0px||false|false&#8221; custom_padding=&#8221;10px||0px||false|false&#8221; global_colors_info=&#8221;{}&#8221;][et_pb_column type=&#8221;4_4&#8243; _builder_version=&#8221;4.27.4&#8243; _module_preset=&#8221;default&#8221; global_colors_info=&#8221;{}&#8221;][et_pb_button button_url=&#8221;https:\/\/horizontnl.emplois-au-canada.ca\/fr\/cvbuilder2\/&#8221; button_text=&#8221;Cr\u00e9ez votre CV&#8221; _builder_version=&#8221;4.27.4&#8243; _module_preset=&#8221;default&#8221; custom_button=&#8221;on&#8221; button_text_size=&#8221;16px&#8221; button_text_color=&#8221;#FFFFFF&#8221; button_bg_color=&#8221;#1893B0&#8243; button_border_width=&#8221;0px&#8221; button_border_radius=&#8221;40px&#8221; button_font=&#8221;Poppins|700|||||||&#8221; button_use_icon=&#8221;off&#8221; custom_padding=&#8221;10px|30px|10px|30px|false|false&#8221; global_module=&#8221;245197&#8243; saved_tabs=&#8221;all&#8221; global_colors_info=&#8221;{}&#8221;][\/et_pb_button][\/et_pb_column][\/et_pb_row][\/et_pb_section][et_pb_section fb_built=&#8221;1&#8243; _builder_version=&#8221;4.27.4&#8243; _module_preset=&#8221;default&#8221; custom_padding=&#8221;70px||50px||false|false&#8221; global_colors_info=&#8221;{}&#8221;][et_pb_row column_structure=&#8221;1_2,1_2&#8243; use_custom_gutter=&#8221;on&#8221; gutter_width=&#8221;1&#8243; _builder_version=&#8221;4.27.4&#8243; _module_preset=&#8221;default&#8221; max_width=&#8221;1640px&#8221; custom_margin=&#8221;0px||0px||false|false&#8221; custom_padding=&#8221;0px||0px||false|false&#8221; global_colors_info=&#8221;{}&#8221;][et_pb_column type=&#8221;1_2&#8243; _builder_version=&#8221;4.27.4&#8243; _module_preset=&#8221;default&#8221; global_colors_info=&#8221;{}&#8221;][et_pb_heading title=&#8221;Cr\u00e9ez votre CV en cinq \u00e9tapes faciles&#8221; _builder_version=&#8221;4.27.4&#8243; _module_preset=&#8221;default&#8221; title_level=&#8221;h2&#8243; title_font=&#8221;Poppins|700|||||||&#8221; title_text_color=&#8221;#1893B0&#8243; title_font_size=&#8221;35px&#8221; custom_margin=&#8221;100px||||false|false&#8221; global_colors_info=&#8221;{}&#8221;][\/et_pb_heading][et_pb_text _builder_version=&#8221;4.27.4&#8243; _module_preset=&#8221;default&#8221; text_font=&#8221;Poppins||||||||&#8221; text_text_color=&#8221;#1893B0&#8243; text_font_size=&#8221;16px&#8221; custom_padding=&#8221;20px||30px||false|false&#8221; global_colors_info=&#8221;{}&#8221;]<\/p>\n<div>Apr\u00e8s avoir compl\u00e9t\u00e9 ces \u00e9tapes, vous serez redirig\u00e9 vers une page vous permettant de modifier ou de t\u00e9l\u00e9charger votre CV. Vous recevrez ensuite une notification par courriel. Si vous ne recevez pas ce courriel dans les minutes qui suivent, veuillez v\u00e9rifier votre dossier de pourriels ou de courrier ind\u00e9sirable. Pr\u00e9alablement \u00e0 la cr\u00e9ation de votre CV, veuillez vous assurer d&#8217;avoir accept\u00e9 les cookies sur cette plateforme.<\/div>\n<p>[\/et_pb_text][et_pb_blurb title=&#8221;Regardez la courte vid\u00e9o sur la fa\u00e7on d&#039;utiliser la CNP pour votre recherche d&#039;emploi au Canada&#8221; image=&#8221;https:\/\/horizontnl.emplois-au-canada.ca\/wp-content\/uploads\/2025\/01\/HTNL-Icon-01.png&#8221; icon_placement=&#8221;left&#8221; content_max_width=&#8221;100%&#8221; _builder_version=&#8221;4.27.4&#8243; _module_preset=&#8221;default&#8221; header_level=&#8221;h3&#8243; header_font=&#8221;Poppins|700|||||||&#8221; header_text_color=&#8221;#1893B0&#8243; header_font_size=&#8221;18px&#8221; header_line_height=&#8221;2em&#8221; module_alignment=&#8221;left&#8221; custom_margin=&#8221;0px|0px|0px|0px|false|false&#8221; custom_padding=&#8221;0px|0px|0px|0px|false|false&#8221; global_colors_info=&#8221;{}&#8221;][\/et_pb_blurb][et_pb_blurb title=&#8221;Remplissez vos informations personnelles et professionnelles&#8221; image=&#8221;https:\/\/horizontnl.emplois-au-canada.ca\/wp-content\/uploads\/2025\/01\/HTNL-Icon-02.png&#8221; icon_placement=&#8221;left&#8221; content_max_width=&#8221;100%&#8221; _builder_version=&#8221;4.27.4&#8243; _module_preset=&#8221;default&#8221; header_level=&#8221;h3&#8243; header_font=&#8221;Poppins|700|||||||&#8221; header_text_color=&#8221;#1893B0&#8243; header_font_size=&#8221;18px&#8221; header_line_height=&#8221;2em&#8221; module_alignment=&#8221;left&#8221; custom_margin=&#8221;0px|0px|0px|0px|false|false&#8221; custom_padding=&#8221;0px|0px|0px|0px|false|false&#8221; global_colors_info=&#8221;{}&#8221;][\/et_pb_blurb][et_pb_blurb title=&#8221;V\u00e9rifiez vos informations&#8221; image=&#8221;https:\/\/horizontnl.emplois-au-canada.ca\/wp-content\/uploads\/2025\/01\/HTNL-Icon-03.png&#8221; icon_placement=&#8221;left&#8221; content_max_width=&#8221;100%&#8221; _builder_version=&#8221;4.27.4&#8243; _module_preset=&#8221;default&#8221; header_level=&#8221;h3&#8243; header_font=&#8221;Poppins|700|||||||&#8221; header_text_color=&#8221;#1893B0&#8243; header_font_size=&#8221;18px&#8221; header_line_height=&#8221;2em&#8221; module_alignment=&#8221;left&#8221; custom_margin=&#8221;0px|0px|0px|0px|false|false&#8221; custom_padding=&#8221;0px|0px|0px|0px|false|false&#8221; global_colors_info=&#8221;{}&#8221;][\/et_pb_blurb][et_pb_blurb title=&#8221;Soumettez vos informations&#8221; image=&#8221;https:\/\/horizontnl.emplois-au-canada.ca\/wp-content\/uploads\/2025\/01\/HTNL-Icon-04.png&#8221; icon_placement=&#8221;left&#8221; content_max_width=&#8221;100%&#8221; _builder_version=&#8221;4.27.4&#8243; _module_preset=&#8221;default&#8221; header_level=&#8221;h3&#8243; header_font=&#8221;Poppins|700|||||||&#8221; header_text_color=&#8221;#1893B0&#8243; header_font_size=&#8221;18px&#8221; header_line_height=&#8221;2em&#8221; module_alignment=&#8221;left&#8221; custom_margin=&#8221;0px|0px|0px|0px|false|false&#8221; custom_padding=&#8221;0px|0px|0px|0px|false|false&#8221; global_colors_info=&#8221;{}&#8221;][\/et_pb_blurb][et_pb_blurb title=&#8221;T\u00e9l\u00e9chargez votre CV&#8221; image=&#8221;https:\/\/horizontnl.emplois-au-canada.ca\/wp-content\/uploads\/2025\/01\/HTNL-Icon-05.png&#8221; icon_placement=&#8221;left&#8221; content_max_width=&#8221;100%&#8221; _builder_version=&#8221;4.27.4&#8243; _module_preset=&#8221;default&#8221; header_level=&#8221;h3&#8243; header_font=&#8221;Poppins|700|||||||&#8221; header_text_color=&#8221;#1893B0&#8243; header_font_size=&#8221;18px&#8221; header_line_height=&#8221;2em&#8221; module_alignment=&#8221;left&#8221; custom_margin=&#8221;0px|0px|0px|0px|false|false&#8221; custom_padding=&#8221;0px|0px|0px|0px|false|false&#8221; global_colors_info=&#8221;{}&#8221;][\/et_pb_blurb][et_pb_button button_url=&#8221;https:\/\/horizontnl.emplois-au-canada.ca\/fr\/cvbuilder2\/&#8221; button_text=&#8221;Cr\u00e9ez votre CV&#8221; _builder_version=&#8221;4.27.4&#8243; _module_preset=&#8221;default&#8221; custom_button=&#8221;on&#8221; button_text_size=&#8221;16px&#8221; button_text_color=&#8221;#FFFFFF&#8221; button_bg_color=&#8221;#1893B0&#8243; button_border_width=&#8221;0px&#8221; button_border_radius=&#8221;40px&#8221; button_font=&#8221;Poppins|700|||||||&#8221; button_use_icon=&#8221;off&#8221; custom_padding=&#8221;10px|30px|10px|30px|false|false&#8221; global_module=&#8221;245197&#8243; saved_tabs=&#8221;all&#8221; global_colors_info=&#8221;{}&#8221;][\/et_pb_button][\/et_pb_column][et_pb_column type=&#8221;1_2&#8243; _builder_version=&#8221;4.27.4&#8243; _module_preset=&#8221;default&#8221; global_colors_info=&#8221;{}&#8221;][et_pb_image src=&#8221;https:\/\/horizontnl.emplois-au-canada.ca\/wp-content\/uploads\/2025\/01\/HTNL-Bloc-01.png&#8221; title_text=&#8221;HTNL-Bloc-01&#8243; _builder_version=&#8221;4.27.4&#8243; _module_preset=&#8221;default&#8221; custom_padding=&#8221;|||50px|false|false&#8221; global_colors_info=&#8221;{}&#8221;][\/et_pb_image][\/et_pb_column][\/et_pb_row][\/et_pb_section][et_pb_section fb_built=&#8221;1&#8243; _builder_version=&#8221;4.27.4&#8243; _module_preset=&#8221;default&#8221; custom_padding=&#8221;50px||50px||false|false&#8221; global_colors_info=&#8221;{}&#8221;][et_pb_row column_structure=&#8221;1_2,1_2&#8243; use_custom_gutter=&#8221;on&#8221; gutter_width=&#8221;1&#8243; _builder_version=&#8221;4.27.4&#8243; _module_preset=&#8221;default&#8221; max_width=&#8221;1640px&#8221; custom_padding=&#8221;0px||||false|false&#8221; global_colors_info=&#8221;{}&#8221;][et_pb_column type=&#8221;1_2&#8243; _builder_version=&#8221;4.27.4&#8243; _module_preset=&#8221;default&#8221; global_colors_info=&#8221;{}&#8221;][et_pb_image src=&#8221;https:\/\/horizontnl.emplois-au-canada.ca\/wp-content\/uploads\/2025\/01\/HTNL-Bloc-02.png&#8221; title_text=&#8221;HTNL-Bloc-02&#8243; _builder_version=&#8221;4.27.4&#8243; _module_preset=&#8221;default&#8221; custom_padding=&#8221;|50px|||false|false&#8221; global_colors_info=&#8221;{}&#8221;][\/et_pb_image][\/et_pb_column][et_pb_column type=&#8221;1_2&#8243; _builder_version=&#8221;4.27.4&#8243; _module_preset=&#8221;default&#8221; global_colors_info=&#8221;{}&#8221;][et_pb_heading title=&#8221;Recherchez et postulez \u00e0 un emploi sur notre Job Board&#8221; _builder_version=&#8221;4.27.4&#8243; _module_preset=&#8221;default&#8221; title_level=&#8221;h2&#8243; title_font=&#8221;Poppins|700|||||||&#8221; title_text_color=&#8221;#1893B0&#8243; title_font_size=&#8221;35px&#8221; custom_margin=&#8221;100px||||false|false&#8221; global_colors_info=&#8221;{}&#8221;][\/et_pb_heading][et_pb_button button_url=&#8221;https:\/\/horizontnl.emplois-au-canada.ca\/fr\/job-board\/&#8221; button_text=&#8221;Acc\u00e9dez au site d&#039;emploi&#8221; _builder_version=&#8221;4.27.4&#8243; _module_preset=&#8221;default&#8221; custom_button=&#8221;on&#8221; button_text_size=&#8221;16px&#8221; button_text_color=&#8221;#FFFFFF&#8221; button_bg_color=&#8221;#00507F&#8221; button_border_width=&#8221;0px&#8221; button_border_radius=&#8221;40px&#8221; button_font=&#8221;Poppins|700|||||||&#8221; button_use_icon=&#8221;off&#8221; custom_margin=&#8221;30px||||false|false&#8221; custom_padding=&#8221;10px|30px|10px|30px|false|false&#8221; global_colors_info=&#8221;{}&#8221;][\/et_pb_button][\/et_pb_column][\/et_pb_row][\/et_pb_section][et_pb_section fb_built=&#8221;1&#8243; _builder_version=&#8221;4.27.4&#8243; _module_preset=&#8221;default&#8221; custom_padding=&#8221;50px||120px||false|false&#8221; global_colors_info=&#8221;{}&#8221;][et_pb_row column_structure=&#8221;1_2,1_2&#8243; use_custom_gutter=&#8221;on&#8221; gutter_width=&#8221;1&#8243; _builder_version=&#8221;4.27.4&#8243; _module_preset=&#8221;default&#8221; max_width=&#8221;1640px&#8221; custom_margin=&#8221;0px||0px||false|false&#8221; custom_padding=&#8221;0px||0px||false|false&#8221; global_colors_info=&#8221;{}&#8221;][et_pb_column type=&#8221;1_2&#8243; _builder_version=&#8221;4.27.4&#8243; _module_preset=&#8221;default&#8221; global_colors_info=&#8221;{}&#8221;][et_pb_heading title=&#8221;Participez \u00e0 nos \u00e9v\u00e9nements de r\u00e9seautage d&#039;emploi&#8221; _builder_version=&#8221;4.27.4&#8243; _module_preset=&#8221;default&#8221; title_level=&#8221;h2&#8243; title_font=&#8221;Poppins|700|||||||&#8221; title_text_color=&#8221;#1893B0&#8243; title_font_size=&#8221;35px&#8221; custom_margin=&#8221;100px||||false|false&#8221; global_colors_info=&#8221;{}&#8221;][\/et_pb_heading][et_pb_text _builder_version=&#8221;4.27.4&#8243; _module_preset=&#8221;default&#8221; text_font=&#8221;Poppins||||||||&#8221; text_text_color=&#8221;#1893B0&#8243; text_font_size=&#8221;16px&#8221; custom_padding=&#8221;20px||30px||false|false&#8221; global_colors_info=&#8221;{}&#8221;]<\/p>\n<div dir=\"ltr\">\n<div>Nos \u00e9v\u00e9nements de recrutement innovants permettent aux candidats et aux employeurs de se rencontrer dans un format structur\u00e9 et rapide. Chaque participant a la possibilit\u00e9 d&#8217;avoir des entretiens individuels de 15 minutes avec plusieurs recruteurs, maximisant ainsi le nombre de r\u00e9unions dans un court laps de temps. Les \u00e9v\u00e9nements se d\u00e9roulent en ligne, ce qui permet d&#8217;y participer facilement depuis n&#8217;importe o\u00f9.<\/div>\n<\/div>\n<div>Visitez notre site web pour obtenir des informations suppl\u00e9mentaires.<\/div>\n<p>[\/et_pb_text][\/et_pb_column][et_pb_column type=&#8221;1_2&#8243; _builder_version=&#8221;4.27.4&#8243; _module_preset=&#8221;default&#8221; global_colors_info=&#8221;{}&#8221;][et_pb_image src=&#8221;https:\/\/horizontnl.emplois-au-canada.ca\/wp-content\/uploads\/2025\/01\/Bloc-05-Img.png&#8221; title_text=&#8221;Bloc-05-Img&#8221; _builder_version=&#8221;4.27.4&#8243; _module_preset=&#8221;default&#8221; custom_padding=&#8221;|||50px|false|false&#8221; global_colors_info=&#8221;{}&#8221;][\/et_pb_image][\/et_pb_column][\/et_pb_row][\/et_pb_section][et_pb_section fb_built=&#8221;1&#8243; _builder_version=&#8221;4.27.4&#8243; _module_preset=&#8221;default&#8221; background_color=&#8221;#00507F&#8221; custom_padding=&#8221;120px||120px||false|false&#8221; global_colors_info=&#8221;{}&#8221;][et_pb_row use_custom_gutter=&#8221;on&#8221; gutter_width=&#8221;1&#8243; _builder_version=&#8221;4.27.4&#8243; _module_preset=&#8221;default&#8221; width_tablet=&#8221;&#8221; width_phone=&#8221;100%&#8221; width_last_edited=&#8221;on|phone&#8221; max_width=&#8221;1640px&#8221; max_width_tablet=&#8221;1640px&#8221; max_width_phone=&#8221;100%&#8221; max_width_last_edited=&#8221;on|phone&#8221; custom_margin=&#8221;0px||0px||false|false&#8221; custom_margin_tablet=&#8221;0px||0px||false|false&#8221; custom_margin_phone=&#8221;0px||||false|false&#8221; custom_margin_last_edited=&#8221;on|phone&#8221; custom_padding=&#8221;||||false|false&#8221; global_colors_info=&#8221;{}&#8221; max_width__hover_enabled=&#8221;on|desktop&#8221; max_width__hover=&#8221;1640px&#8221;][et_pb_column type=&#8221;4_4&#8243; _builder_version=&#8221;4.27.4&#8243; _module_preset=&#8221;default&#8221; global_colors_info=&#8221;{}&#8221;][et_pb_image src=&#8221;https:\/\/horizontnl.emplois-au-canada.ca\/wp-content\/uploads\/2025\/01\/HTNL-Profil.png&#8221; title_text=&#8221;HTNL-Profil&#8221; align=&#8221;center&#8221; _builder_version=&#8221;4.27.4&#8243; _module_preset=&#8221;default&#8221; global_colors_info=&#8221;{}&#8221;][\/et_pb_image][et_pb_heading title=&#8221;Dynamisez votre CV avec les verbes d&#039;action&#8221; _builder_version=&#8221;4.27.4&#8243; _module_preset=&#8221;default&#8221; title_level=&#8221;h2&#8243; title_font=&#8221;Poppins|700|||||||&#8221; title_text_align=&#8221;center&#8221; title_text_color=&#8221;#FFFFFF&#8221; title_font_size=&#8221;35px&#8221; custom_margin=&#8221;50px|5px||5px|false|true&#8221; global_colors_info=&#8221;{}&#8221;][\/et_pb_heading][et_pb_text _builder_version=&#8221;4.27.4&#8243; _module_preset=&#8221;default&#8221; text_font=&#8221;Poppins||||||||&#8221; text_text_color=&#8221;#FFFFFF&#8221; text_font_size=&#8221;20px&#8221; text_line_height=&#8221;1.8em&#8221; header_text_align=&#8221;center&#8221; text_orientation=&#8221;center&#8221; custom_margin=&#8221;20px||30px||false|false&#8221; custom_margin_tablet=&#8221;20px||30px||false|false&#8221; custom_margin_phone=&#8221;20px||30px||false|false&#8221; custom_margin_last_edited=&#8221;on|phone&#8221; custom_padding=&#8221;|36px||36px|false|false&#8221; text_line_height_tablet=&#8221;1.8em&#8221; text_line_height_phone=&#8221;1.4em&#8221; text_line_height_last_edited=&#8221;on|phone&#8221; global_colors_info=&#8221;{}&#8221;]<\/p>\n<p>Pour vous aider \u00e0 r\u00e9diger un CV plus convaincant, nous avons inclus un document contenant des verbes d\u2019action et des descriptions de t\u00e2ches efficaces. Utilisez-le pour mettre en valeur vos responsabilit\u00e9s professionnelles et vos r\u00e9alisations\u00a0!<\/p>\n<p>[\/et_pb_text][et_pb_button button_url=&#8221;https:\/\/horizontnl.emplois-au-canada.ca\/wp-content\/uploads\/2024\/12\/Action-Verbs-by-Tasks.pdf&#8221; button_text=&#8221;T\u00e9l\u00e9chargez le guide des verbes d&#039;action et des t\u00e2ches&#8221; button_alignment=&#8221;center&#8221; _builder_version=&#8221;4.27.4&#8243; _module_preset=&#8221;default&#8221; custom_button=&#8221;on&#8221; button_text_size=&#8221;16px&#8221; button_text_color=&#8221;#00507F&#8221; button_bg_color=&#8221;#FFFFFF&#8221; button_border_width=&#8221;0px&#8221; button_border_radius=&#8221;40px&#8221; button_font=&#8221;Poppins|700|||||||&#8221; button_use_icon=&#8221;off&#8221; custom_padding=&#8221;10px|30px|10px|30px|false|false&#8221; global_colors_info=&#8221;{}&#8221;][\/et_pb_button][\/et_pb_column][\/et_pb_row][\/et_pb_section][et_pb_section fb_built=&#8221;1&#8243; _builder_version=&#8221;4.27.4&#8243; _module_preset=&#8221;default&#8221; custom_padding=&#8221;35px||37px||false|false&#8221; global_colors_info=&#8221;{}&#8221;][et_pb_row use_custom_gutter=&#8221;on&#8221; gutter_width=&#8221;1&#8243; _builder_version=&#8221;4.27.4&#8243; _module_preset=&#8221;default&#8221; max_width=&#8221;1640px&#8221; custom_margin=&#8221;0px||0px||false|false&#8221; custom_padding=&#8221;0px||0px||false|false&#8221; global_colors_info=&#8221;{}&#8221;][et_pb_column type=&#8221;4_4&#8243; _builder_version=&#8221;4.27.4&#8243; _module_preset=&#8221;default&#8221; global_colors_info=&#8221;{}&#8221;][et_pb_button button_url=&#8221;https:\/\/horizontnl.emplois-au-canada.ca\/fr\/faq\/&#8221; button_text=&#8221;Question? Visitez notre centre d&#039;aide : Ressources &amp; FAQ. En savoir +&#8221; button_alignment=&#8221;center&#8221; _builder_version=&#8221;4.27.4&#8243; _module_preset=&#8221;default&#8221; custom_button=&#8221;on&#8221; button_text_size=&#8221;16px&#8221; button_text_color=&#8221;#FFFFFF&#8221; button_bg_color=&#8221;#00507F&#8221; button_border_width=&#8221;0px&#8221; button_border_radius=&#8221;40px&#8221; button_font=&#8221;Poppins|700|||||||&#8221; button_use_icon=&#8221;off&#8221; custom_margin=&#8221;17px||16px||false|false&#8221; custom_padding=&#8221;10px|30px|10px|30px|false|false&#8221; global_colors_info=&#8221;{}&#8221;][\/et_pb_button][\/et_pb_column][\/et_pb_row][\/et_pb_section]<\/p>\n","protected":false},"excerpt":{"rendered":"<p>CV canadien Optimis\u00e9 pour les attentes des recruteurs canadiens. &nbsp;Gain de temps Un mod\u00e8le et des conseils \u00e0 chaque \u00e9tape. &nbsp;Comp\u00e9tences cl\u00e9s Pr\u00e9sentez vos exp\u00e9riences efficacement. &nbsp;Rapide et efficace Cr\u00e9ez un CV professionnel rapidement. &nbsp;Apr\u00e8s avoir compl\u00e9t\u00e9 ces \u00e9tapes, vous serez redirig\u00e9 vers une page vous permettant de modifier ou de t\u00e9l\u00e9charger votre CV. Vous [&hellip;]<\/p>\n","protected":false},"author":1,"featured_media":0,"parent":0,"menu_order":0,"comment_status":"closed","ping_status":"closed","template":"","meta":{"_et_pb_use_builder":"on","_et_pb_old_content":"","_et_gb_content_width":"","footnotes":""},"class_list":["post-244826","page","type-page","status-publish","hentry"],"_links":{"self":[{"href":"https:\/\/horizontnl.emplois-au-canada.ca\/fr\/wp-json\/wp\/v2\/pages\/244826","targetHints":{"allow":["GET"]}}],"collection":[{"href":"https:\/\/horizontnl.emplois-au-canada.ca\/fr\/wp-json\/wp\/v2\/pages"}],"about":[{"href":"https:\/\/horizontnl.emplois-au-canada.ca\/fr\/wp-json\/wp\/v2\/types\/page"}],"author":[{"embeddable":true,"href":"https:\/\/horizontnl.emplois-au-canada.ca\/fr\/wp-json\/wp\/v2\/users\/1"}],"replies":[{"embeddable":true,"href":"https:\/\/horizontnl.emplois-au-canada.ca\/fr\/wp-json\/wp\/v2\/comments?post=244826"}],"version-history":[{"count":24,"href":"https:\/\/horizontnl.emplois-au-canada.ca\/fr\/wp-json\/wp\/v2\/pages\/244826\/revisions"}],"predecessor-version":[{"id":245566,"href":"https:\/\/horizontnl.emplois-au-canada.ca\/fr\/wp-json\/wp\/v2\/pages\/244826\/revisions\/245566"}],"wp:attachment":[{"href":"https:\/\/horizontnl.emplois-au-canada.ca\/fr\/wp-json\/wp\/v2\/media?parent=244826"}],"curies":[{"name":"wp","href":"https:\/\/api.w.org\/{rel}","templated":true}]}}