{"id":245224,"date":"2025-01-29T22:50:55","date_gmt":"2025-01-30T03:50:55","guid":{"rendered":"https:\/\/horizontnl.emplois-au-canada.ca\/cvbuilder2\/"},"modified":"2026-01-22T09:04:58","modified_gmt":"2026-01-22T14:04:58","slug":"cvbuilder2","status":"publish","type":"page","link":"https:\/\/horizontnl.emplois-au-canada.ca\/fr\/cvbuilder2\/","title":{"rendered":"CVBuilder2"},"content":{"rendered":"<p>[et_pb_section fb_built=&#8221;1&#8243; _builder_version=&#8221;4.27.4&#8243; _module_preset=&#8221;default&#8221; background_color=&#8221;#FFFFFF&#8221; module_alignment=&#8221;center&#8221; custom_margin=&#8221;0px|0px|0px|0px|false|false&#8221; custom_padding=&#8221;120px|0px|120px|0px|false|false&#8221; global_colors_info=&#8221;{}&#8221;][et_pb_row use_custom_gutter=&#8221;on&#8221; gutter_width=&#8221;1&#8243; _builder_version=&#8221;4.27.4&#8243; _module_preset=&#8221;default&#8221; custom_margin=&#8221;0px||0px||false|false&#8221; custom_padding=&#8221;0px||0px||false|false&#8221; global_colors_info=&#8221;{}&#8221;][et_pb_column type=&#8221;4_4&#8243; _builder_version=&#8221;4.27.4&#8243; _module_preset=&#8221;default&#8221; global_colors_info=&#8221;{}&#8221;][et_pb_heading title=&#8221;CONCEPTEUR DE CV&#8221; _builder_version=&#8221;4.27.4&#8243; _module_preset=&#8221;default&#8221; title_level=&#8221;h3&#8243; title_font=&#8221;Poppins|700|||||||&#8221; title_text_align=&#8221;center&#8221; title_text_color=&#8221;#00507F&#8221; custom_margin=&#8221;0px||0px||false|false&#8221; custom_padding=&#8221;0px||0px||false|false&#8221; hover_enabled=&#8221;0&#8243; global_colors_info=&#8221;{}&#8221; sticky_enabled=&#8221;0&#8243;][\/et_pb_heading][et_pb_heading title=&#8221;Cr\u00e9ez votre CV en saisissant les informations !&#8221; _builder_version=&#8221;4.27.4&#8243; _module_preset=&#8221;default&#8221; title_font=&#8221;Poppins|700|||||||&#8221; title_text_align=&#8221;center&#8221; title_text_color=&#8221;#1893B0&#8243; title_font_size=&#8221;75px&#8221; title_line_height=&#8221;1.4em&#8221; custom_margin=&#8221;|||-20px|false|false&#8221; custom_padding=&#8221;||||false|false&#8221; hover_enabled=&#8221;0&#8243; title_font_size_tablet=&#8221;75px&#8221; title_font_size_phone=&#8221;49px&#8221; title_font_size_last_edited=&#8221;on|phone&#8221; title_letter_spacing_tablet=&#8221;&#8221; title_letter_spacing_phone=&#8221;&#8221; title_letter_spacing_last_edited=&#8221;on|desktop&#8221; global_colors_info=&#8221;{}&#8221; sticky_enabled=&#8221;0&#8243;][\/et_pb_heading][\/et_pb_column][\/et_pb_row][\/et_pb_section][et_pb_section fb_built=&#8221;1&#8243; _builder_version=&#8221;4.27.4&#8243; _module_preset=&#8221;default&#8221; background_color=&#8221;#00507F&#8221; custom_padding=&#8221;120px||120px||false|false&#8221; global_colors_info=&#8221;{}&#8221;][et_pb_row column_structure=&#8221;1_2,1_2&#8243; use_custom_gutter=&#8221;on&#8221; gutter_width=&#8221;1&#8243; _builder_version=&#8221;4.27.4&#8243; _module_preset=&#8221;default&#8221; max_width=&#8221;1640px&#8221; custom_margin=&#8221;0px||0px||false|false&#8221; custom_padding=&#8221;0px||0px||false|false&#8221; global_colors_info=&#8221;{}&#8221;][et_pb_column type=&#8221;1_2&#8243; _builder_version=&#8221;4.27.4&#8243; _module_preset=&#8221;default&#8221; global_colors_info=&#8221;{}&#8221;][et_pb_text _builder_version=&#8221;4.27.4&#8243; _module_preset=&#8221;default&#8221; text_font=&#8221;Poppins|700|||||||&#8221; text_text_color=&#8221;#FFFFFF&#8221; text_font_size=&#8221;35px&#8221; text_line_height=&#8221;1.2em&#8221; custom_padding=&#8221;20px||30px||false|false&#8221; global_colors_info=&#8221;{}&#8221;]<\/p>\n<p>\u00c0 quel titre de poste correspond votre emploi au Canada\u00a0?<br \/>Pour le savoir, utilisez la nomenclature CNP\/NOC.<br \/>Regardez la vid\u00e9o pour en savoir plus.<\/p>\n<p>[\/et_pb_text][\/et_pb_column][et_pb_column type=&#8221;1_2&#8243; _builder_version=&#8221;4.27.4&#8243; _module_preset=&#8221;default&#8221; global_colors_info=&#8221;{}&#8221;][et_pb_code _builder_version=&#8221;4.27.4&#8243; _module_preset=&#8221;default&#8221; width=&#8221;100%&#8221; module_alignment=&#8221;center&#8221; min_height=&#8221;172.5px&#8221; custom_margin=&#8221;0px||0px|0px|false|false&#8221; custom_padding=&#8221;|||50px|false|false&#8221; global_colors_info=&#8221;{}&#8221;]<iframe loading=\"lazy\" width=\"560\" height=\"315\" src=\"https:\/\/www.youtube.com\/embed\/Q901dELI9ZE?si=6SkF5lhFRYP5p0E8\" title=\"YouTube video player\" frameborder=\"0\" allow=\"accelerometer; autoplay; clipboard-write; encrypted-media; gyroscope; picture-in-picture; web-share\" referrerpolicy=\"strict-origin-when-cross-origin\" allowfullscreen><\/iframe>[\/et_pb_code][\/et_pb_column][\/et_pb_row][\/et_pb_section][et_pb_section fb_built=&#8221;1&#8243; specialty=&#8221;on&#8221; padding_bottom_2=&#8221;40px&#8221; admin_label=&#8221;Services&#8221; _builder_version=&#8221;4.27.4&#8243; _module_preset=&#8221;default&#8221; background_color=&#8221;#00507F&#8221; custom_padding=&#8221;54px|0px|0px|0|false|false&#8221; bottom_divider_height=&#8221;50px&#8221; bottom_divider_arrangement=&#8221;above_content&#8221; collapsed=&#8221;on&#8221; global_colors_info=&#8221;{}&#8221;][et_pb_column type=&#8221;1_2&#8243; _builder_version=&#8221;4.16&#8243; _module_preset=&#8221;default&#8221; custom_padding=&#8221;|||&#8221; global_colors_info=&#8221;{}&#8221; custom_padding__hover=&#8221;|||&#8221;][et_pb_image src=&#8221;https:\/\/horizontnl.emplois-au-canada.ca\/wp-content\/uploads\/2025\/01\/HTNL-Bloc-01.png&#8221; title_text=&#8221;HTNL-Bloc-01&#8243; align_tablet=&#8221;center&#8221; align_phone=&#8221;center&#8221; align_last_edited=&#8221;on|desktop&#8221; _builder_version=&#8221;4.27.4&#8243; _module_preset=&#8221;default&#8221; height=&#8221;80%&#8221; max_height=&#8221;80%&#8221; custom_margin=&#8221;60px||||false|false&#8221; animation_style=&#8221;slide&#8221; animation_direction=&#8221;right&#8221; animation_intensity_slide=&#8221;2%&#8221; global_colors_info=&#8221;{}&#8221;][\/et_pb_image][\/et_pb_column][et_pb_column type=&#8221;1_2&#8243; specialty_columns=&#8221;2&#8243; _builder_version=&#8221;4.16&#8243; _module_preset=&#8221;default&#8221; custom_padding=&#8221;|||&#8221; global_colors_info=&#8221;{}&#8221; custom_padding__hover=&#8221;|||&#8221;][et_pb_row_inner _builder_version=&#8221;4.16&#8243; _module_preset=&#8221;default&#8221; custom_padding=&#8221;24px|0px|15px|0px|false|false&#8221; global_colors_info=&#8221;{}&#8221;][et_pb_column_inner saved_specialty_column_type=&#8221;1_2&#8243; _builder_version=&#8221;4.16&#8243; _module_preset=&#8221;default&#8221; custom_padding=&#8221;|||&#8221; global_colors_info=&#8221;{}&#8221; custom_padding__hover=&#8221;|||&#8221;][et_pb_text _builder_version=&#8221;4.27.4&#8243; text_font=&#8221;Poppins|700|||||||&#8221; text_text_color=&#8221;#ffffff&#8221; text_font_size=&#8221;35px&#8221; ul_font=&#8221;||||||||&#8221; ol_font=&#8221;||||||||&#8221; header_font=&#8221;||||||||&#8221; header_font_size=&#8221;23px&#8221; header_2_font=&#8221;Poppins|700|||||||&#8221; header_2_text_color=&#8221;#FFFFFF&#8221; header_2_font_size=&#8221;35px&#8221; header_2_line_height=&#8221;1.2em&#8221; custom_margin=&#8221;||20px|&#8221; header_2_font_size_tablet=&#8221;36px&#8221; header_2_font_size_phone=&#8221;35px&#8221; header_2_font_size_last_edited=&#8221;on|desktop&#8221; global_colors_info=&#8221;{}&#8221;]<\/p>\n<h2><strong>Je souhaite cr\u00e9er mon CV en :<\/strong><\/h2>\n<p>[\/et_pb_text][\/et_pb_column_inner][\/et_pb_row_inner][et_pb_row_inner column_structure=&#8221;1_2,1_2&#8243; use_custom_gutter=&#8221;on&#8221; gutter_width=&#8221;2&#8243; _builder_version=&#8221;4.27.4&#8243; _module_preset=&#8221;default&#8221; max_width=&#8221;1640px&#8221; custom_margin=&#8221;0px||0px||false|false&#8221; custom_padding=&#8221;0px||0px||false|false&#8221; global_colors_info=&#8221;{}&#8221;][et_pb_column_inner type=&#8221;1_2&#8243; saved_specialty_column_type=&#8221;1_2&#8243; _builder_version=&#8221;4.27.4&#8243; _module_preset=&#8221;default&#8221; global_colors_info=&#8221;{}&#8221;][et_pb_cta title=&#8221;Anglais&#8221; button_url=&#8221;https:\/\/horizontnl.emplois-au-canada.ca\/cv-english\/&#8221; button_text=&#8221;Commencez ici&#8221; _builder_version=&#8221;4.27.4&#8243; _module_preset=&#8221;default&#8221; header_font=&#8221;Poppins|700|||||||&#8221; header_text_color=&#8221;#1893B0&#8243; header_font_size=&#8221;22px&#8221; header_line_height=&#8221;1.1em&#8221; body_font=&#8221;Poppins||||||||&#8221; body_text_color=&#8221;#3D1C16&#8243; body_font_size=&#8221;16px&#8221; background_color=&#8221;#FFFFFF&#8221; custom_button=&#8221;on&#8221; button_text_size=&#8221;16px&#8221; button_text_color=&#8221;#FFFFFF&#8221; button_bg_color=&#8221;#00507F&#8221; button_border_width=&#8221;0px&#8221; button_border_radius=&#8221;40px&#8221; button_font=&#8221;Poppins|700|||||||&#8221; button_use_icon=&#8221;off&#8221; button_alignment=&#8221;center&#8221; button_custom_margin=&#8221;0px||||false|false&#8221; button_custom_padding=&#8221;10px|30px|10px|30px|false|false&#8221; custom_margin=&#8221;0px|0px|0px|0px|false|false&#8221; custom_padding=&#8221;60px|50px|60px|50px|false|false&#8221; border_radii=&#8221;on|10px|10px|10px|10px&#8221; border_color_all=&#8221;#ED1D54&#8243; global_colors_info=&#8221;{}&#8221;][\/et_pb_cta][\/et_pb_column_inner][et_pb_column_inner type=&#8221;1_2&#8243; saved_specialty_column_type=&#8221;1_2&#8243; _builder_version=&#8221;4.27.4&#8243; _module_preset=&#8221;default&#8221; global_colors_info=&#8221;{}&#8221;][et_pb_cta title=&#8221;Fran\u00e7ais&#8221; button_url=&#8221;https:\/\/horizontnl.emplois-au-canada.ca\/cv-french\/&#8221; button_text=&#8221;Commencez ici&#8221; _builder_version=&#8221;4.27.4&#8243; _module_preset=&#8221;default&#8221; header_font=&#8221;Poppins|700|||||||&#8221; header_text_color=&#8221;#1893B0&#8243; header_font_size=&#8221;22px&#8221; header_line_height=&#8221;1.1em&#8221; body_font=&#8221;Poppins||||||||&#8221; body_text_color=&#8221;#3D1C16&#8243; body_font_size=&#8221;16px&#8221; background_color=&#8221;#FFFFFF&#8221; custom_button=&#8221;on&#8221; button_text_size=&#8221;16px&#8221; button_text_color=&#8221;#FFFFFF&#8221; button_bg_color=&#8221;#00507F&#8221; button_border_width=&#8221;0px&#8221; button_border_radius=&#8221;40px&#8221; button_font=&#8221;Poppins|700|||||||&#8221; button_use_icon=&#8221;off&#8221; button_alignment=&#8221;center&#8221; button_custom_margin=&#8221;0px||||false|false&#8221; button_custom_padding=&#8221;10px|30px|10px|30px|false|false&#8221; custom_margin=&#8221;0px|0px|0px|0px|false|false&#8221; custom_padding=&#8221;60px|50px|60px|50px|false|false&#8221; border_radii=&#8221;on|10px|10px|10px|10px&#8221; border_color_all=&#8221;#ED1D54&#8243; global_colors_info=&#8221;{}&#8221;][\/et_pb_cta][\/et_pb_column_inner][\/et_pb_row_inner][et_pb_row_inner _builder_version=&#8221;4.17.3&#8243; _module_preset=&#8221;default&#8221; global_colors_info=&#8221;{}&#8221;][et_pb_column_inner saved_specialty_column_type=&#8221;1_2&#8243; _builder_version=&#8221;4.17.3&#8243; _module_preset=&#8221;default&#8221; global_colors_info=&#8221;{}&#8221;][et_pb_cta title=&#8221;Bilingue (Anglais et Fran\u00e7ais)&#8221; button_url=&#8221;https:\/\/horizontnl.emplois-au-canada.ca\/cv-bilingual\/&#8221; button_text=&#8221;Commencez ici&#8221; _builder_version=&#8221;4.27.4&#8243; _module_preset=&#8221;default&#8221; header_font=&#8221;Poppins|700|||||||&#8221; header_text_color=&#8221;#1893B0&#8243; header_font_size=&#8221;22px&#8221; header_line_height=&#8221;1.1em&#8221; body_font=&#8221;Poppins||||||||&#8221; body_text_color=&#8221;#1893B0&#8243; body_font_size=&#8221;16px&#8221; background_color=&#8221;#FFFFFF&#8221; custom_button=&#8221;on&#8221; button_text_size=&#8221;16px&#8221; button_text_color=&#8221;#FFFFFF&#8221; button_bg_color=&#8221;#00507F&#8221; button_border_width=&#8221;0px&#8221; button_border_radius=&#8221;40px&#8221; button_font=&#8221;Poppins|700|||||||&#8221; button_use_icon=&#8221;off&#8221; button_alignment=&#8221;center&#8221; button_custom_margin=&#8221;0px||||false|false&#8221; button_custom_padding=&#8221;10px|30px|10px|30px|false|false&#8221; custom_margin=&#8221;0px|0px|0px|0px|false|false&#8221; custom_padding=&#8221;60px|50px|60px|50px|false|false&#8221; border_radii=&#8221;on|10px|10px|10px|10px&#8221; border_color_all=&#8221;#ED1D54&#8243; global_colors_info=&#8221;{}&#8221;]<\/p>\n<p>(Cr\u00e9ez un document unique contenant votre CV en anglais et en fran\u00e7ais.)<\/p>\n<p>[\/et_pb_cta][\/et_pb_column_inner][\/et_pb_row_inner][\/et_pb_column][\/et_pb_section]<\/p>\n","protected":false},"excerpt":{"rendered":"<p>\u00c0 quel titre de poste correspond votre emploi au Canada\u00a0?Pour le savoir, utilisez la nomenclature CNP\/NOC.Regardez la vid\u00e9o pour en savoir plus.Je souhaite cr\u00e9er mon CV en :(Cr\u00e9ez un document unique contenant votre CV en anglais et en fran\u00e7ais.)<\/p>\n","protected":false},"author":1,"featured_media":0,"parent":0,"menu_order":0,"comment_status":"closed","ping_status":"closed","template":"","meta":{"_et_pb_use_builder":"on","_et_pb_old_content":"","_et_gb_content_width":"","footnotes":""},"class_list":["post-245224","page","type-page","status-publish","hentry"],"_links":{"self":[{"href":"https:\/\/horizontnl.emplois-au-canada.ca\/fr\/wp-json\/wp\/v2\/pages\/245224","targetHints":{"allow":["GET"]}}],"collection":[{"href":"https:\/\/horizontnl.emplois-au-canada.ca\/fr\/wp-json\/wp\/v2\/pages"}],"about":[{"href":"https:\/\/horizontnl.emplois-au-canada.ca\/fr\/wp-json\/wp\/v2\/types\/page"}],"author":[{"embeddable":true,"href":"https:\/\/horizontnl.emplois-au-canada.ca\/fr\/wp-json\/wp\/v2\/users\/1"}],"replies":[{"embeddable":true,"href":"https:\/\/horizontnl.emplois-au-canada.ca\/fr\/wp-json\/wp\/v2\/comments?post=245224"}],"version-history":[{"count":12,"href":"https:\/\/horizontnl.emplois-au-canada.ca\/fr\/wp-json\/wp\/v2\/pages\/245224\/revisions"}],"predecessor-version":[{"id":245890,"href":"https:\/\/horizontnl.emplois-au-canada.ca\/fr\/wp-json\/wp\/v2\/pages\/245224\/revisions\/245890"}],"wp:attachment":[{"href":"https:\/\/horizontnl.emplois-au-canada.ca\/fr\/wp-json\/wp\/v2\/media?parent=245224"}],"curies":[{"name":"wp","href":"https:\/\/api.w.org\/{rel}","templated":true}]}}